{"id":872,"date":"2016-01-28T09:47:53","date_gmt":"2016-01-28T09:47:53","guid":{"rendered":"http:\/\/demo.vegatheme.com\/archilight\/?page_id=872"},"modified":"2019-08-01T07:13:18","modified_gmt":"2019-08-01T07:13:18","slug":"our-services","status":"publish","type":"page","link":"https:\/\/www.desygn.es\/en\/our-services\/","title":{"rendered":"Services"},"content":{"rendered":"<div class=\"wpb-content-wrapper\"><section class=\"wpb_row vc_row-fluid vc_custom_1553183869188 vc_row-o-content-middle vc_row-flex no-padding\"><div class=\"row\"><div class=\"wpb_column vc_column_container vc_col-sm-6 vc_hidden-md vc_hidden-sm vc_hidden-xs\"><div class=\"vc_column-inner vc_custom_1553503335910\"><div class=\"wpb_wrapper\"  >\n\t<div  class=\"wpb_single_image wpb_content_element vc_align_center wpb_content_element vc_custom_1553766548839\">\n\t\t\n\t\t<figure class=\"wpb_wrapper vc_figure\">\n\t\t\t<div class=\"vc_single_image-wrapper   vc_box_border_grey\"><img width=\"1327\" height=\"884\" src=\"https:\/\/www.desygn.es\/wp-content\/uploads\/2019\/03\/servicio3.jpg\" class=\"vc_single_image-img attachment-full\" alt=\"\" decoding=\"async\" loading=\"lazy\" title=\"servicio3\" srcset=\"https:\/\/www.desygn.es\/wp-content\/uploads\/2019\/03\/servicio3.jpg 1327w, https:\/\/www.desygn.es\/wp-content\/uploads\/2019\/03\/servicio3-300x200.jpg 300w, https:\/\/www.desygn.es\/wp-content\/uploads\/2019\/03\/servicio3-768x512.jpg 768w, https:\/\/www.desygn.es\/wp-content\/uploads\/2019\/03\/servicio3-1024x682.jpg 1024w, https:\/\/www.desygn.es\/wp-content\/uploads\/2019\/03\/servicio3-700x466.jpg 700w\" sizes=\"(max-width: 1327px) 100vw, 1327px\" \/><\/div>\n\t\t<\/figure>\n\t<\/div>\n<\/div><\/div><\/div><div class=\"wpb_column vc_column_container vc_col-sm-6 vc_hidden-md vc_hidden-sm vc_hidden-xs\"><div class=\"vc_column-inner vc_custom_1553503343950\"><div class=\"wpb_wrapper\"  >\n\t<div class=\"wpb_text_column wpb_content_element vc_custom_1562234000744\" >\n\t\t<div class=\"wpb_wrapper\">\n\t\t\t<h1 style=\"font-family: CocoLight; text-align: left; color: #642b5a;\">ARCHITECTURE<\/h1>\n<p>&nbsp;<\/p>\n<p style=\"font-size: 15px; text-align: justify;\">Multidisciplinary study where all kinds of projects are carried out, so the projects that are presented are global proposals without cracks or deficiencies and with the maximum detail. At the level of architecture, interior design and engineering we carry out designs \/ projects of any space, whether residential, professional, commercial, leisure, catering, health and sanitary.<\/p>\n\n\t\t<\/div>\n\t<\/div>\n<\/div><\/div><\/div><\/div><\/section><section class=\"wpb_row vc_row-fluid\"><div class=\"container\"><div class=\"row\"><div class=\"wpb_column vc_column_container vc_col-sm-6 vc_hidden-lg\"><div class=\"vc_column-inner\"><div class=\"wpb_wrapper\"  >\n\t<div  class=\"wpb_single_image wpb_content_element vc_align_center wpb_content_element vc_custom_1553766564465\">\n\t\t\n\t\t<figure class=\"wpb_wrapper vc_figure\">\n\t\t\t<div class=\"vc_single_image-wrapper   vc_box_border_grey\"><img width=\"1327\" height=\"884\" src=\"https:\/\/www.desygn.es\/wp-content\/uploads\/2019\/03\/servicio3.jpg\" class=\"vc_single_image-img attachment-full\" alt=\"\" decoding=\"async\" loading=\"lazy\" title=\"servicio3\" srcset=\"https:\/\/www.desygn.es\/wp-content\/uploads\/2019\/03\/servicio3.jpg 1327w, https:\/\/www.desygn.es\/wp-content\/uploads\/2019\/03\/servicio3-300x200.jpg 300w, https:\/\/www.desygn.es\/wp-content\/uploads\/2019\/03\/servicio3-768x512.jpg 768w, https:\/\/www.desygn.es\/wp-content\/uploads\/2019\/03\/servicio3-1024x682.jpg 1024w, https:\/\/www.desygn.es\/wp-content\/uploads\/2019\/03\/servicio3-700x466.jpg 700w\" sizes=\"(max-width: 1327px) 100vw, 1327px\" \/><\/div>\n\t\t<\/figure>\n\t<\/div>\n<\/div><\/div><\/div><div class=\"wpb_column vc_column_container vc_col-sm-6 vc_hidden-lg\"><div class=\"vc_column-inner\"><div class=\"wpb_wrapper\"  >\n\t<div class=\"wpb_text_column wpb_content_element vc_custom_1562234011331\" >\n\t\t<div class=\"wpb_wrapper\">\n\t\t\t<h1 style=\"font-family: CocoLight; text-align: left; color: #642b5a;\">ARCHITECTURE<\/h1>\n<p>&nbsp;<\/p>\n<p style=\"font-size: 15px; text-align: justify;\">Multidisciplinary study where all kinds of projects are carried out, so the projects that are presented are global proposals without cracks or deficiencies and with the maximum detail. At the level of architecture, interior design and engineering we carry out designs \/ projects of any space, whether residential, professional, commercial, leisure, catering, health and sanitary.<\/p>\n\n\t\t<\/div>\n\t<\/div>\n<\/div><\/div><\/div><\/div><\/div><\/section><section class=\"wpb_row vc_row-fluid vc_custom_1553183878605 vc_row-o-content-middle vc_row-flex no-padding\"><div class=\"row\"><div class=\"wpb_column vc_column_container vc_col-sm-6 vc_hidden-md vc_hidden-sm vc_hidden-xs\"><div class=\"vc_column-inner\"><div class=\"wpb_wrapper\"  >\n\t<div class=\"wpb_text_column wpb_content_element vc_custom_1564643591837\" >\n\t\t<div class=\"wpb_wrapper\">\n\t\t\t<h1 style=\"font-family: CocoLight; text-align: left; color: #642b5a;\">PROJECT MANAGEMENT<\/h1>\n<p>&nbsp;<\/p>\n<p style=\"font-size: 15px; text-align: justify;\" data-placeholder=\"Traducci\u00f3n\"><span lang=\"es\" tabindex=\"0\">We cover the organization, planning, motivation and control of resources in order to achieve the objectives proposed to achieve success in one or more projects within the established limitations. <\/span><\/p>\n<p style=\"font-size: 15px; text-align: justify;\" data-placeholder=\"Traducci\u00f3n\"><span lang=\"es\" tabindex=\"0\">We are involved in the interaction between knowledge, technology, environment, structures, processes, services and products. In this sense, the management and project management solutions (methodologies, techniques, technologies, models, tools) should support the project management process.<\/span><\/p>\n\n\t\t<\/div>\n\t<\/div>\n<\/div><\/div><\/div><div class=\"wpb_column vc_column_container vc_col-sm-6 vc_hidden-md vc_hidden-sm vc_hidden-xs\"><div class=\"vc_column-inner vc_custom_1553503449747\"><div class=\"wpb_wrapper\"  >\n\t<div  class=\"wpb_single_image wpb_content_element vc_align_center wpb_content_element vc_custom_1553766583298\">\n\t\t\n\t\t<figure class=\"wpb_wrapper vc_figure\">\n\t\t\t<div class=\"vc_single_image-wrapper   vc_box_border_grey\"><img width=\"1394\" height=\"930\" src=\"https:\/\/www.desygn.es\/wp-content\/uploads\/2019\/03\/servicio2.jpg\" class=\"vc_single_image-img attachment-full\" alt=\"\" decoding=\"async\" loading=\"lazy\" title=\"servicio2\" srcset=\"https:\/\/www.desygn.es\/wp-content\/uploads\/2019\/03\/servicio2.jpg 1394w, https:\/\/www.desygn.es\/wp-content\/uploads\/2019\/03\/servicio2-300x200.jpg 300w, https:\/\/www.desygn.es\/wp-content\/uploads\/2019\/03\/servicio2-768x512.jpg 768w, https:\/\/www.desygn.es\/wp-content\/uploads\/2019\/03\/servicio2-1024x683.jpg 1024w, https:\/\/www.desygn.es\/wp-content\/uploads\/2019\/03\/servicio2-700x466.jpg 700w\" sizes=\"(max-width: 1394px) 100vw, 1394px\" \/><\/div>\n\t\t<\/figure>\n\t<\/div>\n<\/div><\/div><\/div><\/div><\/section><section class=\"wpb_row vc_row-fluid\"><div class=\"container\"><div class=\"row\"><div class=\"wpb_column vc_column_container vc_col-sm-6 vc_hidden-lg\"><div class=\"vc_column-inner\"><div class=\"wpb_wrapper\"  >\n\t<div  class=\"wpb_single_image wpb_content_element vc_align_center wpb_content_element vc_custom_1553766595794\">\n\t\t\n\t\t<figure class=\"wpb_wrapper vc_figure\">\n\t\t\t<div class=\"vc_single_image-wrapper   vc_box_border_grey\"><img width=\"1394\" height=\"930\" src=\"https:\/\/www.desygn.es\/wp-content\/uploads\/2019\/03\/servicio2.jpg\" class=\"vc_single_image-img attachment-full\" alt=\"\" decoding=\"async\" loading=\"lazy\" title=\"servicio2\" srcset=\"https:\/\/www.desygn.es\/wp-content\/uploads\/2019\/03\/servicio2.jpg 1394w, https:\/\/www.desygn.es\/wp-content\/uploads\/2019\/03\/servicio2-300x200.jpg 300w, https:\/\/www.desygn.es\/wp-content\/uploads\/2019\/03\/servicio2-768x512.jpg 768w, https:\/\/www.desygn.es\/wp-content\/uploads\/2019\/03\/servicio2-1024x683.jpg 1024w, https:\/\/www.desygn.es\/wp-content\/uploads\/2019\/03\/servicio2-700x466.jpg 700w\" sizes=\"(max-width: 1394px) 100vw, 1394px\" \/><\/div>\n\t\t<\/figure>\n\t<\/div>\n<\/div><\/div><\/div><div class=\"wpb_column vc_column_container vc_col-sm-6 vc_hidden-lg\"><div class=\"vc_column-inner\"><div class=\"wpb_wrapper\"  >\n\t<div class=\"wpb_text_column wpb_content_element vc_custom_1562234173332\" >\n\t\t<div class=\"wpb_wrapper\">\n\t\t\t<h1 style=\"font-family: CocoLight; text-align: left; color: #642b5a;\">PROJECT MANAGEMENT<\/h1>\n<p>&nbsp;<\/p>\n<h1 style=\"font-family: CocoLight; text-align: left; color: #642b5a;\">PROJECT MANAGEMENT<\/h1>\n<p>&nbsp;<\/p>\n<p id=\"tw-target-text\" class=\"tw-data-text tw-ta tw-text-small\" dir=\"ltr\" data-placeholder=\"Traducci\u00f3n\"><span lang=\"es\" tabindex=\"0\">We cover the organization, planning, motivation and control of resources in order to achieve the objectives proposed to achieve success in one or more projects within the established limitations. <\/span><\/p>\n<p class=\"tw-data-text tw-ta tw-text-small\" dir=\"ltr\" data-placeholder=\"Traducci\u00f3n\"><span lang=\"es\" tabindex=\"0\">We are involved in the interaction between knowledge, technology, environment, structures, processes, services and products. In this sense, the management and project management solutions (methodologies, techniques, technologies, models, tools) should support the project management process.<\/span><\/p>\n\n\t\t<\/div>\n\t<\/div>\n<\/div><\/div><\/div><\/div><\/div><\/section><section class=\"wpb_row vc_row-fluid vc_custom_1553183884048 vc_row-o-content-middle vc_row-flex no-padding\"><div class=\"row\"><div class=\"wpb_column vc_column_container vc_col-sm-6 vc_hidden-md vc_hidden-sm vc_hidden-xs\"><div class=\"vc_column-inner vc_custom_1553503501595\"><div class=\"wpb_wrapper\"  >\n\t<div  class=\"wpb_single_image wpb_content_element vc_align_center wpb_content_element vc_custom_1553766608957\">\n\t\t\n\t\t<figure class=\"wpb_wrapper vc_figure\">\n\t\t\t<div class=\"vc_single_image-wrapper   vc_box_border_grey\"><img width=\"1382\" height=\"922\" src=\"https:\/\/www.desygn.es\/wp-content\/uploads\/2019\/03\/servicio1.jpg\" class=\"vc_single_image-img attachment-full\" alt=\"\" decoding=\"async\" loading=\"lazy\" title=\"servicio1\" srcset=\"https:\/\/www.desygn.es\/wp-content\/uploads\/2019\/03\/servicio1.jpg 1382w, https:\/\/www.desygn.es\/wp-content\/uploads\/2019\/03\/servicio1-300x200.jpg 300w, https:\/\/www.desygn.es\/wp-content\/uploads\/2019\/03\/servicio1-768x512.jpg 768w, https:\/\/www.desygn.es\/wp-content\/uploads\/2019\/03\/servicio1-1024x683.jpg 1024w, https:\/\/www.desygn.es\/wp-content\/uploads\/2019\/03\/servicio1-700x466.jpg 700w\" sizes=\"(max-width: 1382px) 100vw, 1382px\" \/><\/div>\n\t\t<\/figure>\n\t<\/div>\n<\/div><\/div><\/div><div class=\"wpb_column vc_column_container vc_col-sm-6 vc_hidden-md vc_hidden-sm vc_hidden-xs\"><div class=\"vc_column-inner vc_custom_1553503510571\"><div class=\"wpb_wrapper\"  >\n\t<div class=\"wpb_text_column wpb_content_element vc_custom_1562234710647\" >\n\t\t<div class=\"wpb_wrapper\">\n\t\t\t<h1 style=\"font-family: CocoLight; text-align: left; color: #642b5a;\">INTERIOR DESYGN<\/h1>\n<p>&nbsp;<\/p>\n<p style=\"font-size: 15px; text-align: justify;\">We combine environmental psychology, architecture and product design to create environments that, more than a place, are experiences in which to live.<\/p>\n<p style=\"font-size: 15px; text-align: justify;\">In a few words, it looks for the most suitable combination between the client, the architecture, its style and the needs.<\/p>\n\n\t\t<\/div>\n\t<\/div>\n<\/div><\/div><\/div><\/div><\/section><section class=\"wpb_row vc_row-fluid\"><div class=\"container\"><div class=\"row\"><div class=\"wpb_column vc_column_container vc_col-sm-6 vc_hidden-lg\"><div class=\"vc_column-inner\"><div class=\"wpb_wrapper\"  >\n\t<div  class=\"wpb_single_image wpb_content_element vc_align_center wpb_content_element vc_custom_1553766621366\">\n\t\t\n\t\t<figure class=\"wpb_wrapper vc_figure\">\n\t\t\t<div class=\"vc_single_image-wrapper   vc_box_border_grey\"><img width=\"1382\" height=\"922\" src=\"https:\/\/www.desygn.es\/wp-content\/uploads\/2019\/03\/servicio1.jpg\" class=\"vc_single_image-img attachment-full\" alt=\"\" decoding=\"async\" loading=\"lazy\" title=\"servicio1\" srcset=\"https:\/\/www.desygn.es\/wp-content\/uploads\/2019\/03\/servicio1.jpg 1382w, https:\/\/www.desygn.es\/wp-content\/uploads\/2019\/03\/servicio1-300x200.jpg 300w, https:\/\/www.desygn.es\/wp-content\/uploads\/2019\/03\/servicio1-768x512.jpg 768w, https:\/\/www.desygn.es\/wp-content\/uploads\/2019\/03\/servicio1-1024x683.jpg 1024w, https:\/\/www.desygn.es\/wp-content\/uploads\/2019\/03\/servicio1-700x466.jpg 700w\" sizes=\"(max-width: 1382px) 100vw, 1382px\" \/><\/div>\n\t\t<\/figure>\n\t<\/div>\n<\/div><\/div><\/div><div class=\"wpb_column vc_column_container vc_col-sm-6 vc_hidden-lg\"><div class=\"vc_column-inner\"><div class=\"wpb_wrapper\"  >\n\t<div class=\"wpb_text_column wpb_content_element vc_custom_1562234729737\" >\n\t\t<div class=\"wpb_wrapper\">\n\t\t\t<h1 style=\"font-family: CocoLight; text-align: left; color: #642b5a;\">INTERIOR DESYGN<\/h1>\n<p>&nbsp;<\/p>\n<p style=\"font-size: 15px; text-align: justify;\">We combine environmental psychology, architecture and product design to create environments that, more than a place, are experiences in which to live.<\/p>\n<p style=\"font-size: 15px; text-align: justify;\">In a few words, it looks for the most suitable combination between the client, the architecture, its style and the needs.<\/p>\n\n\t\t<\/div>\n\t<\/div>\n<\/div><\/div><\/div><\/div><\/div><\/section>\n<\/div>","protected":false},"excerpt":{"rendered":"ARQUITECTURA &nbsp; Estudio multidisciplinar donde realizamos todo tipo de proyectos, por lo que los proyectos que se presentan son propuestas globales sin fisuras ni deficiencias y con el m\u00e1ximo detalle. A nivel de arquitectura, dise\u00f1o de interiores e ingenier\u00eda, realizamos dise\u00f1os \/ proyectos de cualquier espacio, ya sea residencial, profesional, comercial, de ocio, restauraci\u00f3n y [...]","protected":false},"author":1,"featured_media":0,"parent":0,"menu_order":0,"comment_status":"closed","ping_status":"closed","template":"page-templates\/template-fullwidth.php","meta":[],"_links":{"self":[{"href":"https:\/\/www.desygn.es\/en\/wp-json\/wp\/v2\/pages\/872"}],"collection":[{"href":"https:\/\/www.desygn.es\/en\/wp-json\/wp\/v2\/pages"}],"about":[{"href":"https:\/\/www.desygn.es\/en\/wp-json\/wp\/v2\/types\/page"}],"author":[{"embeddable":true,"href":"https:\/\/www.desygn.es\/en\/wp-json\/wp\/v2\/users\/1"}],"replies":[{"embeddable":true,"href":"https:\/\/www.desygn.es\/en\/wp-json\/wp\/v2\/comments?post=872"}],"version-history":[{"count":66,"href":"https:\/\/www.desygn.es\/en\/wp-json\/wp\/v2\/pages\/872\/revisions"}],"predecessor-version":[{"id":2092,"href":"https:\/\/www.desygn.es\/en\/wp-json\/wp\/v2\/pages\/872\/revisions\/2092"}],"wp:attachment":[{"href":"https:\/\/www.desygn.es\/en\/wp-json\/wp\/v2\/media?parent=872"}],"curies":[{"name":"wp","href":"https:\/\/api.w.org\/{rel}","templated":true}]}}