{"id":76,"date":"2015-07-23T07:32:51","date_gmt":"2015-07-23T07:32:51","guid":{"rendered":"http:\/\/demo.vegatheme.com\/archilight\/?page_id=76"},"modified":"2019-07-03T09:40:50","modified_gmt":"2019-07-03T09:40:50","slug":"projects","status":"publish","type":"page","link":"https:\/\/www.desygn.es\/en\/projects\/","title":{"rendered":"Projects"},"content":{"rendered":"<div class=\"wpb-content-wrapper\"><section class=\"wpb_row vc_row-fluid vc_custom_1495594625318 no-padding\"><div class=\"row\"><div class=\"wpb_column vc_column_container vc_col-sm-12\"><div class=\"vc_column-inner\"><div class=\"wpb_wrapper\"  >  \n\n\t<!-- Element: OT Portfolio Filter -->\n\t<div class=\"projects-grid-wrapper\">\n\t\t\t\t\t<div class=\"container\">\n\t\t    \t<!-- portfolio filter begin -->\n\t\t\t    <div class=\"row\">\n\t\t\t        <div class=\"col-md-12 text-center\">\n\t\t\t            <ul id=\"filter\" class=\"project_filters wow fadeInUp listed_taxonomy_filters\" data-wow-delay=\"0s\">\n\t\t\t            \t<li><a href=\"#\" data-filter=\"*\" class=\"selected\">Todos<\/a><\/li>                    \n\t\t\t                <li class=\"cate_parent\"><a href=\"#\" data-filter=\".category-56\">Commercial Premises<\/a><\/li><li class=\"cate_parent\"><a href=\"#\" data-filter=\".category-139\">Obra Nueva<\/a><\/li><li class=\"cate_parent\"><a href=\"#\" data-filter=\".category-55\">Offices<\/a><\/li><li class=\"cate_parent\"><a href=\"#\" data-filter=\".category-54\">Reforms<\/a><\/li>                    \n\t\t\t            <\/ul>\n\t\t\t        <\/div>\n\t\t\t    <\/div>\n\t\t    \t<!-- portfolio filter close -->\n\t\t    <\/div>\n\t    \n\t    <div class=\"projects-grid projects-load-ajax overlay_s1  pf_4_cols\" style=\"margin: -0px 0px\">\n\t    \t<div class=\"project-item-sizer\"><\/div>\n\t                     \n\t        <!-- gallery item -->\n\t        <div class=\"project-item category-139\" style=\"padding:0px\">\n\t        \t<div class=\"projects-box\">\n\t\t\t\t\t<div class=\"projects-thumbnail\">\n\t\t\t\t\t\t<img width=\"700\" height=\"466\" src=\"https:\/\/www.desygn.es\/wp-content\/uploads\/2020\/11\/viviendapajarete-e1610643320196-700x466.jpg\" class=\"attachment-thumb-portfolio size-thumb-portfolio wp-post-image\" alt=\"vivienda pajarete\" decoding=\"async\" loading=\"lazy\" srcset=\"https:\/\/www.desygn.es\/wp-content\/uploads\/2020\/11\/viviendapajarete-e1610643320196-700x466.jpg 700w, https:\/\/www.desygn.es\/wp-content\/uploads\/2020\/11\/viviendapajarete-e1610643320196-16x12.jpg 16w\" sizes=\"(max-width: 700px) 100vw, 700px\" title=\"viviendapajarete\" \/>\t\t\t\t\t<\/div>\t\t\t\t\t\t\t\n\t\t\t\t\t<a class=\"simple-ajax-popup-align-top\" href=\"https:\/\/www.desygn.es\/en\/portfolio\/obra-nueva-vivienda-unifamiliar-pareada-pajarete-algeciras\/\">\n\t\t\t\t\t\t<span class=\"project-overlay\">\n\t\t\t\t\t\t\t<span class=\"project-name id-color\">OBRA NUEVA: VIVIENDA UNIFAMILIAR PAREADA PAJARETE (ALGECIRAS)<\/span>\t\n\t\t\t\t\t\t<\/span>\n\t\t\t\t\t<\/a>\t\n\t\t\t\t<\/div>\n\t        <\/div>        \n\t        <!-- close gallery item -->\n\t                     \n\t        <!-- gallery item -->\n\t        <div class=\"project-item category-56\" style=\"padding:0px\">\n\t        \t<div class=\"projects-box\">\n\t\t\t\t\t<div class=\"projects-thumbnail\">\n\t\t\t\t\t\t<img width=\"700\" height=\"466\" src=\"https:\/\/www.desygn.es\/wp-content\/uploads\/2020\/09\/V1-08-700x466.jpg\" class=\"attachment-thumb-portfolio size-thumb-portfolio wp-post-image\" alt=\"reforma \u00f3ptica opivision\" decoding=\"async\" loading=\"lazy\" title=\"V1-08\" \/>\t\t\t\t\t<\/div>\t\t\t\t\t\t\t\n\t\t\t\t\t<a class=\"simple-ajax-popup-align-top\" href=\"https:\/\/www.desygn.es\/en\/portfolio\/proyecto-de-adecuacion-y-reforma-integral-de-local-para-optica-opivision\/\">\n\t\t\t\t\t\t<span class=\"project-overlay\">\n\t\t\t\t\t\t\t<span class=\"project-name id-color\">PROYECTO DE ADECUACI\u00d3N Y REFORMA INTEGRAL DE LOCAL PARA \u00d3PTICA OPIVISI\u00d3N<\/span>\t\n\t\t\t\t\t\t<\/span>\n\t\t\t\t\t<\/a>\t\n\t\t\t\t<\/div>\n\t        <\/div>        \n\t        <!-- close gallery item -->\n\t                     \n\t        <!-- gallery item -->\n\t        <div class=\"project-item category-56\" style=\"padding:0px\">\n\t        \t<div class=\"projects-box\">\n\t\t\t\t\t<div class=\"projects-thumbnail\">\n\t\t\t\t\t\t<img width=\"700\" height=\"466\" src=\"https:\/\/www.desygn.es\/wp-content\/uploads\/2019\/03\/006_Benavente-700x466.jpg\" class=\"attachment-thumb-portfolio size-thumb-portfolio wp-post-image\" alt=\"\" decoding=\"async\" loading=\"lazy\" srcset=\"https:\/\/www.desygn.es\/wp-content\/uploads\/2019\/03\/006_Benavente-700x466.jpg 700w, https:\/\/www.desygn.es\/wp-content\/uploads\/2019\/03\/006_Benavente-300x200.jpg 300w, https:\/\/www.desygn.es\/wp-content\/uploads\/2019\/03\/006_Benavente.jpg 1618w\" sizes=\"(max-width: 700px) 100vw, 700px\" title=\"006_Benavente\" \/>\t\t\t\t\t<\/div>\t\t\t\t\t\t\t\n\t\t\t\t\t<a class=\"simple-ajax-popup-align-top\" href=\"https:\/\/www.desygn.es\/en\/portfolio\/tienda-de-calzados-benavente\/\">\n\t\t\t\t\t\t<span class=\"project-overlay\">\n\t\t\t\t\t\t\t<span class=\"project-name id-color\">OPENING LICENSE FOR BENAVENTE SHOE STORE<\/span>\t\n\t\t\t\t\t\t<\/span>\n\t\t\t\t\t<\/a>\t\n\t\t\t\t<\/div>\n\t        <\/div>        \n\t        <!-- close gallery item -->\n\t                     \n\t        <!-- gallery item -->\n\t        <div class=\"project-item category-54\" style=\"padding:0px\">\n\t        \t<div class=\"projects-box\">\n\t\t\t\t\t<div class=\"projects-thumbnail\">\n\t\t\t\t\t\t<img width=\"700\" height=\"466\" src=\"https:\/\/www.desygn.es\/wp-content\/uploads\/2019\/03\/008-700x466.jpg\" class=\"attachment-thumb-portfolio size-thumb-portfolio wp-post-image\" alt=\"\" decoding=\"async\" loading=\"lazy\" title=\"008\" \/>\t\t\t\t\t<\/div>\t\t\t\t\t\t\t\n\t\t\t\t\t<a class=\"simple-ajax-popup-align-top\" href=\"https:\/\/www.desygn.es\/en\/portfolio\/apartamento-en-centro-de-huelva\/\">\n\t\t\t\t\t\t<span class=\"project-overlay\">\n\t\t\t\t\t\t\t<span class=\"project-name id-color\">APARTAMENTO EN CENTRO DE HUELVA<\/span>\t\n\t\t\t\t\t\t<\/span>\n\t\t\t\t\t<\/a>\t\n\t\t\t\t<\/div>\n\t        <\/div>        \n\t        <!-- close gallery item -->\n\t                     \n\t        <!-- gallery item -->\n\t        <div class=\"project-item category-54\" style=\"padding:0px\">\n\t        \t<div class=\"projects-box\">\n\t\t\t\t\t<div class=\"projects-thumbnail\">\n\t\t\t\t\t\t<img width=\"700\" height=\"466\" src=\"https:\/\/www.desygn.es\/wp-content\/uploads\/2019\/03\/031_CASA_II_pantalla-700x466.jpg\" class=\"attachment-thumb-portfolio size-thumb-portfolio wp-post-image\" alt=\"\" decoding=\"async\" loading=\"lazy\" title=\"031_CASA_II_pantalla\" \/>\t\t\t\t\t<\/div>\t\t\t\t\t\t\t\n\t\t\t\t\t<a class=\"simple-ajax-popup-align-top\" href=\"https:\/\/www.desygn.es\/en\/portfolio\/modern-elegance-suite\/\">\n\t\t\t\t\t\t<span class=\"project-overlay\">\n\t\t\t\t\t\t\t<span class=\"project-name id-color\">APARTAMENTO EN CENTRO DE HUELVA<\/span>\t\n\t\t\t\t\t\t<\/span>\n\t\t\t\t\t<\/a>\t\n\t\t\t\t<\/div>\n\t        <\/div>        \n\t        <!-- close gallery item -->\n\t                     \n\t        <!-- gallery item -->\n\t        <div class=\"project-item category-54\" style=\"padding:0px\">\n\t        \t<div class=\"projects-box\">\n\t\t\t\t\t<div class=\"projects-thumbnail\">\n\t\t\t\t\t\t<img width=\"700\" height=\"466\" src=\"https:\/\/www.desygn.es\/wp-content\/uploads\/2019\/03\/007_arq-700x466.jpg\" class=\"attachment-thumb-portfolio size-thumb-portfolio wp-post-image\" alt=\"\" decoding=\"async\" loading=\"lazy\" title=\"007_arq\" \/>\t\t\t\t\t<\/div>\t\t\t\t\t\t\t\n\t\t\t\t\t<a class=\"simple-ajax-popup-align-top\" href=\"https:\/\/www.desygn.es\/en\/portfolio\/reforma-integral\/\">\n\t\t\t\t\t\t<span class=\"project-overlay\">\n\t\t\t\t\t\t\t<span class=\"project-name id-color\">ELEVATION OF PLANT AND INTEGRAL REFORM OF HOUSING BETWEEN MEDIANERAS<\/span>\t\n\t\t\t\t\t\t<\/span>\n\t\t\t\t\t<\/a>\t\n\t\t\t\t<\/div>\n\t        <\/div>        \n\t        <!-- close gallery item -->\n\t                     \n\t        <!-- gallery item -->\n\t        <div class=\"project-item category-55\" style=\"padding:0px\">\n\t        \t<div class=\"projects-box\">\n\t\t\t\t\t<div class=\"projects-thumbnail\">\n\t\t\t\t\t\t<img width=\"700\" height=\"466\" src=\"https:\/\/www.desygn.es\/wp-content\/uploads\/2019\/03\/01-700x466.jpg\" class=\"attachment-thumb-portfolio size-thumb-portfolio wp-post-image\" alt=\"\" decoding=\"async\" loading=\"lazy\" srcset=\"https:\/\/www.desygn.es\/wp-content\/uploads\/2019\/03\/01-700x466.jpg 700w, https:\/\/www.desygn.es\/wp-content\/uploads\/2019\/03\/01-300x199.jpg 300w\" sizes=\"(max-width: 700px) 100vw, 700px\" title=\"01\" \/>\t\t\t\t\t<\/div>\t\t\t\t\t\t\t\n\t\t\t\t\t<a class=\"simple-ajax-popup-align-top\" href=\"https:\/\/www.desygn.es\/en\/portfolio\/vestuarios-facotira-repsol\/\">\n\t\t\t\t\t\t<span class=\"project-overlay\">\n\t\t\t\t\t\t\t<span class=\"project-name id-color\">NEW BUILDING OF \nCLOTHING FOR CONTRACTORS IN REPSOL GLP HUELVA FACTORY<\/span>\t\n\t\t\t\t\t\t<\/span>\n\t\t\t\t\t<\/a>\t\n\t\t\t\t<\/div>\n\t        <\/div>        \n\t        <!-- close gallery item -->\n\t                     \n\t        <!-- gallery item -->\n\t        <div class=\"project-item category-55\" style=\"padding:0px\">\n\t        \t<div class=\"projects-box\">\n\t\t\t\t\t<div class=\"projects-thumbnail\">\n\t\t\t\t\t\t<img width=\"700\" height=\"466\" src=\"https:\/\/www.desygn.es\/wp-content\/uploads\/2019\/03\/02-700x466.jpg\" class=\"attachment-thumb-portfolio size-thumb-portfolio wp-post-image\" alt=\"\" decoding=\"async\" loading=\"lazy\" srcset=\"https:\/\/www.desygn.es\/wp-content\/uploads\/2019\/03\/02-700x466.jpg 700w, https:\/\/www.desygn.es\/wp-content\/uploads\/2019\/03\/02-300x199.jpg 300w\" sizes=\"(max-width: 700px) 100vw, 700px\" title=\"02\" \/>\t\t\t\t\t<\/div>\t\t\t\t\t\t\t\n\t\t\t\t\t<a class=\"simple-ajax-popup-align-top\" href=\"https:\/\/www.desygn.es\/en\/portfolio\/ampliacion-reforma-oficinas\/\">\n\t\t\t\t\t\t<span class=\"project-overlay\">\n\t\t\t\t\t\t\t<span class=\"project-name id-color\">EXTENSION AND REFORM OF OFFICES IN REPSOL GLP HUELVA FACTORY<\/span>\t\n\t\t\t\t\t\t<\/span>\n\t\t\t\t\t<\/a>\t\n\t\t\t\t<\/div>\n\t        <\/div>        \n\t        <!-- close gallery item -->\n\t                     \n\t        <!-- gallery item -->\n\t        <div class=\"project-item category-54\" style=\"padding:0px\">\n\t        \t<div class=\"projects-box\">\n\t\t\t\t\t<div class=\"projects-thumbnail\">\n\t\t\t\t\t\t<img width=\"700\" height=\"466\" src=\"https:\/\/www.desygn.es\/wp-content\/uploads\/2019\/03\/01-1-700x466.jpg\" class=\"attachment-thumb-portfolio size-thumb-portfolio wp-post-image\" alt=\"\" decoding=\"async\" loading=\"lazy\" title=\"01\" \/>\t\t\t\t\t<\/div>\t\t\t\t\t\t\t\n\t\t\t\t\t<a class=\"simple-ajax-popup-align-top\" href=\"https:\/\/www.desygn.es\/en\/portfolio\/ampliacion-reform-trabajadores\/\">\n\t\t\t\t\t\t<span class=\"project-overlay\">\n\t\t\t\t\t\t\t<span class=\"project-name id-color\">EXTENSION AND REFORM OF WORKERS 'CLOTHING<\/span>\t\n\t\t\t\t\t\t<\/span>\n\t\t\t\t\t<\/a>\t\n\t\t\t\t<\/div>\n\t        <\/div>        \n\t        <!-- close gallery item -->\n\t                     \n\t        <!-- gallery item -->\n\t        <div class=\"project-item category-56\" style=\"padding:0px\">\n\t        \t<div class=\"projects-box\">\n\t\t\t\t\t<div class=\"projects-thumbnail\">\n\t\t\t\t\t\t<img width=\"700\" height=\"466\" src=\"https:\/\/www.desygn.es\/wp-content\/uploads\/2019\/03\/2-700x466.png\" class=\"attachment-thumb-portfolio size-thumb-portfolio wp-post-image\" alt=\"\" decoding=\"async\" loading=\"lazy\" title=\"2\" \/>\t\t\t\t\t<\/div>\t\t\t\t\t\t\t\n\t\t\t\t\t<a class=\"simple-ajax-popup-align-top\" href=\"https:\/\/www.desygn.es\/en\/portfolio\/celopman\/\">\n\t\t\t\t\t\t<span class=\"project-overlay\">\n\t\t\t\t\t\t\t<span class=\"project-name id-color\">ADAPTATION OF LOCAL FOR STORE OF CELOPMAN<\/span>\t\n\t\t\t\t\t\t<\/span>\n\t\t\t\t\t<\/a>\t\n\t\t\t\t<\/div>\n\t        <\/div>        \n\t        <!-- close gallery item -->\n\t        \t    <\/div>\n\t    \t    \t<\/div>\n<\/div><\/div><\/div><\/div><\/section>\n<\/div>","protected":false},"excerpt":{"rendered":"ADECUACI\u00d3N DE LOCAL PARA TIENDA DE CELOPMAN Las obras en el sector retail son todo un reto porque siempre se plantean en el menor plazo de tiempo posible, incluyendo trabajos durante la ma\u00f1ana, tarde y noche. En este proyecto nos encontramos con un local en bruto en el centro comercial de mayor \u00e9xito en Huelva [...]","protected":false},"author":1,"featured_media":0,"parent":0,"menu_order":0,"comment_status":"open","ping_status":"closed","template":"page-templates\/template-fullwidth.php","meta":[],"_links":{"self":[{"href":"https:\/\/www.desygn.es\/en\/wp-json\/wp\/v2\/pages\/76"}],"collection":[{"href":"https:\/\/www.desygn.es\/en\/wp-json\/wp\/v2\/pages"}],"about":[{"href":"https:\/\/www.desygn.es\/en\/wp-json\/wp\/v2\/types\/page"}],"author":[{"embeddable":true,"href":"https:\/\/www.desygn.es\/en\/wp-json\/wp\/v2\/users\/1"}],"replies":[{"embeddable":true,"href":"https:\/\/www.desygn.es\/en\/wp-json\/wp\/v2\/comments?post=76"}],"version-history":[{"count":4,"href":"https:\/\/www.desygn.es\/en\/wp-json\/wp\/v2\/pages\/76\/revisions"}],"predecessor-version":[{"id":1771,"href":"https:\/\/www.desygn.es\/en\/wp-json\/wp\/v2\/pages\/76\/revisions\/1771"}],"wp:attachment":[{"href":"https:\/\/www.desygn.es\/en\/wp-json\/wp\/v2\/media?parent=76"}],"curies":[{"name":"wp","href":"https:\/\/api.w.org\/{rel}","templated":true}]}}