{"id":256,"date":"2015-07-27T04:50:39","date_gmt":"2015-07-27T04:50:39","guid":{"rendered":"http:\/\/demo.vegatheme.com\/archilight\/?page_id=256"},"modified":"2019-09-10T14:27:12","modified_gmt":"2019-09-10T14:27:12","slug":"contact","status":"publish","type":"page","link":"https:\/\/www.desygn.es\/en\/contact\/","title":{"rendered":"Contact"},"content":{"rendered":"<div class=\"wpb-content-wrapper\"><section class=\"wpb_row vc_row-fluid vc_custom_1553705472269 no-padding\"><div class=\"row\"><div class=\"wpb_column vc_column_container vc_col-sm-12\"><div class=\"vc_column-inner\"><div class=\"wpb_wrapper \"  >\n\t<div class=\"wpb_text_column wpb_content_element vc_custom_1553705357878\" >\n\t\t<div class=\"wpb_wrapper\">\n\t\t\t<div id=\"wpgmza_map\" class=\"wpgmza_map\" data-settings='{\"id\":\"1\",\"map_title\":\"Mapa\",\"map_width\":\"100\",\"map_height\":\"400\",\"map_start_lat\":\"37.550598\",\"map_start_lng\":\"-5.585757\",\"map_start_location\":\"37.55059840958194,-5.5857566093750295\",\"map_start_zoom\":\"7\",\"default_marker\":\"0\",\"type\":\"1\",\"alignment\":\"1\",\"directions_enabled\":\"1\",\"styling_enabled\":\"0\",\"styling_json\":\"\",\"active\":\"0\",\"kml\":\"\",\"bicycle\":\"0\",\"traffic\":\"0\",\"dbox\":\"1\",\"dbox_width\":\"100\",\"listmarkers\":\"0\",\"listmarkers_advanced\":\"0\",\"filterbycat\":\"0\",\"ugm_enabled\":\"0\",\"ugm_category_enabled\":\"0\",\"fusion\":\"\",\"map_width_type\":\"\\\\%\",\"map_height_type\":\"px\",\"mass_marker_support\":\"1\",\"ugm_access\":\"0\",\"order_markers_by\":\"1\",\"order_markers_choice\":\"2\",\"show_user_location\":\"0\",\"default_to\":\"\",\"other_settings\":{\"store_locator_enabled\":2,\"store_locator_distance\":2,\"store_locator_default_radius\":\"10\",\"store_locator_not_found_message\":\"No results found in this location. Please try again.\",\"store_locator_bounce\":1,\"store_locator_query_string\":\"ZIP \\\/ C\\u00f3digo Postal \\\/ Direcci\\u00f3n\",\"store_locator_default_address\":\"\",\"wpgmza_store_locator_restrict\":\"\",\"store_locator_style\":\"modern\",\"wpgmza_store_locator_radius_style\":\"modern\",\"map_max_zoom\":\"1\",\"transport_layer\":0,\"wpgmza_theme_data\":\"[ { \\\\\\\"stylers\\\\\\\": [ { \\\\\\\"hue\\\\\\\": \\\\\\\"#ff1a00\\\\\\\" }, { \\\\\\\"invert_lightness\\\\\\\": true }, { \\\\\\\"saturation\\\\\\\": -100 }, { \\\\\\\"lightness\\\\\\\": 33 }, { \\\\\\\"gamma\\\\\\\": 0.5 } ] }, { \\\\\\\"featureType\\\\\\\": \\\\\\\"water\\\\\\\", \\\\\\\"elementType\\\\\\\": \\\\\\\"geometry\\\\\\\", \\\\\\\"stylers\\\\\\\": [ { \\\\\\\"color\\\\\\\": \\\\\\\"#2D333C\\\\\\\" } ] } ]\",\"wpgmza_theme_selection\":6,\"wpgmza_show_points_of_interest\":1}}' data-map-id='1' Data-maps-engine='google-maps' data-shortcode-attributes='{\"id\":\"1\"}' style=\"display:block; overflow:auto; width:100%; height:400px; float:left;\"><\/div>\n\n\t\t<\/div>\n\t<\/div>\n<\/div><\/div><\/div><\/div><\/section><section class=\"wpb_row vc_row-fluid vc_custom_1438577300524\"><div class=\"container\"><div class=\"row\"><div class=\"wpb_column vc_column_container vc_col-sm-8\"><div class=\"vc_column-inner\"><div class=\"wpb_wrapper wow fadeInLeft\"  >\n\t<!-- Element: OT Heading --> \t \n\t<h3 class=\"ot_custom_heading  \" style=\"\" >Contacta con nosotros<\/h3>\t\n<div class=\"vc_empty_space\"   style=\"height: 10px\"><span class=\"vc_empty_space_inner\"><\/span><\/div>[contact-form-7 id=\u00bb283&#8243;]<\/div><\/div><\/div><div class=\"wpb_column vc_column_container vc_col-sm-4\"><div class=\"vc_column-inner\"><div class=\"wpb_wrapper wow fadeInRight\"  >\n\t<!-- Element: OT Heading --> \t \n\t<h3 class=\"ot_custom_heading  \" style=\"\" >INFORMACI\u00d3N DE CONTACTO<\/h3>\t\n\n\t<div class=\"wpb_text_column wpb_content_element\" >\n\t\t<div class=\"wpb_wrapper\">\n\t\t\t<address>\n<div>CENTRO DE NEGOCIOS NEXUS, Oficina B, 2.8, 11204, Algeciras (C\u00e1diz)<\/div>\n<div><strong>Tel\u00e9fono:<\/strong>693322381<\/div>\n<div><strong>Email:<\/strong><a href=\"mailto:info@desygn.com\">info@desygn.com<\/a><\/div>\n<div><strong>Web:<\/strong><a href=\"#test\">http:\/\/desygn.com\/<\/a><\/div>\n<\/address>\n\n\t\t<\/div>\n\t<\/div>\n\n\t<div class=\"wpb_text_column wpb_content_element\" >\n\t\t<div class=\"wpb_wrapper\">\n\t\t\t<address>\n<div>CENTRO DE NEGOCIOS, C\/Berdig\u00f3n 1-3 Entreplanta, 21003, Huelva<\/div>\n<div><strong>Tel\u00e9fono:<\/strong>693322381<\/div>\n<div><strong>Email:<\/strong><a href=\"mailto:info@desygn.com\">info@desygn.com<\/a><\/div>\n<div><strong>Web:<\/strong><a href=\"#test\">http:\/\/desygn.com\/<\/a><\/div>\n<\/address>\n\n\t\t<\/div>\n\t<\/div>\n\n\t<div class=\"wpb_text_column wpb_content_element\" >\n\t\t<div class=\"wpb_wrapper\">\n\t\t\t<p><a href=\"https:\/\/www.linkedin.com\/company\/19097101\/\"><img decoding=\"async\" loading=\"lazy\" class=\"\" title=\"Linkedin\" src=\"http:\/\/www.desygn.es\/wp-content\/uploads\/2019\/04\/logo-linkedin.png\" alt=\"Facebook\" width=\"25\" height=\"25\" \/><\/a><a href=\"https:\/\/www.instagram.com\/desygn1\/\">\u00a0 \u00a0<img decoding=\"async\" loading=\"lazy\" title=\"Instagram\" src=\"http:\/\/www.desygn.es\/wp-content\/uploads\/2019\/04\/instagram.png\" alt=\"Facebook\" width=\"25\" height=\"25\" \/>\u00a0\u00a0\u00a0<\/a><a href=\"https:\/\/www.facebook.com\/Desygn-385160588881591\/\"><img decoding=\"async\" loading=\"lazy\" title=\"Facebook\" src=\"http:\/\/www.desygn.es\/wp-content\/uploads\/2019\/04\/facebook-logo.png\" alt=\"Facebook\" width=\"25\" height=\"25\" \/><\/a><\/p>\n\n\t\t<\/div>\n\t<\/div>\n<\/div><\/div><\/div><\/div><\/div><\/section>\n<\/div>","protected":false},"excerpt":{"rendered":"Contacta con nosotros [contact-form-7 id=\"283\"] INFORMACI\u00d3N DE CONTACTO CENTRO DE NEGOCIOS NEXUS, Oficina B, 2.8, 11204, Algeciras (C\u00e1diz) Tel\u00e9fono:693322381 Email:info@desygn.com Web:http:\/\/desygn.com\/ CENTRO DE NEGOCIOS, C\/Berdig\u00f3n 1-3 Entreplanta, 21003, Huelva Tel\u00e9fono:693322381 Email:info@desygn.com Web:http:\/\/desygn.com\/ \u00a0 \u00a0\u00a0\u00a0\u00a0","protected":false},"author":1,"featured_media":0,"parent":0,"menu_order":0,"comment_status":"open","ping_status":"open","template":"page-templates\/template-fullwidth.php","meta":[],"_links":{"self":[{"href":"https:\/\/www.desygn.es\/en\/wp-json\/wp\/v2\/pages\/256"}],"collection":[{"href":"https:\/\/www.desygn.es\/en\/wp-json\/wp\/v2\/pages"}],"about":[{"href":"https:\/\/www.desygn.es\/en\/wp-json\/wp\/v2\/types\/page"}],"author":[{"embeddable":true,"href":"https:\/\/www.desygn.es\/en\/wp-json\/wp\/v2\/users\/1"}],"replies":[{"embeddable":true,"href":"https:\/\/www.desygn.es\/en\/wp-json\/wp\/v2\/comments?post=256"}],"version-history":[{"count":51,"href":"https:\/\/www.desygn.es\/en\/wp-json\/wp\/v2\/pages\/256\/revisions"}],"predecessor-version":[{"id":2214,"href":"https:\/\/www.desygn.es\/en\/wp-json\/wp\/v2\/pages\/256\/revisions\/2214"}],"wp:attachment":[{"href":"https:\/\/www.desygn.es\/en\/wp-json\/wp\/v2\/media?parent=256"}],"curies":[{"name":"wp","href":"https:\/\/api.w.org\/{rel}","templated":true}]}}