{"id":229,"date":"2015-07-27T03:29:01","date_gmt":"2015-07-27T03:29:01","guid":{"rendered":"http:\/\/demo.vegatheme.com\/archilight\/?page_id=229"},"modified":"2021-01-14T17:01:26","modified_gmt":"2021-01-14T17:01:26","slug":"about","status":"publish","type":"page","link":"https:\/\/www.desygn.es\/en\/about\/","title":{"rendered":"About us"},"content":{"rendered":"<div class=\"wpb-content-wrapper\"><section class=\"wpb_row vc_row-fluid side-bg no-padding vc_custom_1553504728234 vc_row-has-fill no-padding\"><div class=\"row\"><div class=\"wpb_column vc_column_container vc_col-sm-12 vc_hidden-md vc_hidden-sm vc_hidden-xs\"><div class=\"vc_column-inner\"><div class=\"wpb_wrapper\"  >\t<!-- Element: OT Quick Office -->\n\t<div class=\"side-bg\">\n\n\t\t<div class=\"image-container hidden-xs pull-left col-md-5\" style=\"background-image:url(https:\/\/www.desygn.es\/wp-content\/uploads\/2015\/07\/bg-side-11.jpg); ?>\" data-delay=\"0\"><\/div>\n\n\t\t<!-- Added this code in 26\/03\/2019 -->\n\t\t<img class=\"visible-xs img-responsive\" src=\"https:\/\/www.desygn.es\/wp-content\/uploads\/2015\/07\/bg-side-11.jpg\" \/>\n\n        <div class=\"container\">\n            <div class=\"row\">\n                <div class=\"inner-padding\">\n                    <div class=\"col-md-6 col-md-offset-6 wow fadeInRight\" data-wow-delay=\".2s\">\n                        <h2>TODOS PARA DESYGN, DESYGN PARA TODOS<\/h2><br\/>\n                        <\/p>\n<p id=\"tw-target-text\" class=\"tw-data-text tw-ta tw-text-small\" dir=\"ltr\" data-placeholder=\"Traducci\u00f3n\"><strong><span lang=\"es\" tabindex=\"0\">DESYGN es un estudio de arquitectura que naci\u00f3 en agosto de 2011 por Carolina Ponce Su\u00e1rez. Arquitecto y Gerente de Proyectos certificado PMP\u00ae enfocado en la direcci\u00f3n de proyectos y trabaja con amplia experiencia en la gesti\u00f3n de obras importantes (Repsol) y la coordinaci\u00f3n de equipos multidisciplinarios que forman parte de cada proyecto. Adem\u00e1s, ha desarrollado trabajos en m\u00faltiples sectores como la construcci\u00f3n (nueva construcci\u00f3n, rehabilitaci\u00f3n, reforma y venta), ingenier\u00eda civil y construcci\u00f3n. <\/span><\/strong><\/p>\n<div class=\"\">\n<p id=\"tw-target-text\" class=\"tw-data-text tw-ta tw-text-small\" dir=\"ltr\" data-placeholder=\"Traducci\u00f3n\"><span lang=\"es\" tabindex=\"0\">DESYGN has a team of highly qualified professionals with great flexibility, ability to adapt to new jobs and high geographic availability.<\/span><span style=\"font-size: 1rem;\">\u00a0<\/span><\/p>\n<\/div>\n<div class=\"\">\n<p id=\"tw-target-text\" class=\"tw-data-text tw-ta tw-text-small\" dir=\"ltr\" data-placeholder=\"Traducci\u00f3n\"><span lang=\"es\" tabindex=\"0\">DESYGN born with a clear idea, look for projects suitable to our technical skills, overcome new challenges and develop new learning through our customers. We develop projects from the start phase to its delivery to the client.<\/span><\/p>\n<\/div>\n<div class=\"\">\n<p id=\"tw-target-text\" class=\"tw-data-text tw-ta tw-text-small\" dir=\"ltr\" data-placeholder=\"Traducci\u00f3n\"><span lang=\"es\" tabindex=\"0\">For this we cover all these services: <\/span><\/p>\n<ul>\n<li class=\"tw-data-text tw-ta tw-text-small\" dir=\"ltr\" data-placeholder=\"Traducci\u00f3n\"><span lang=\"es\" tabindex=\"0\">We perform functions as project architects, project managers and health and safety coordinators. <\/span><\/li>\n<li class=\"tw-data-text tw-ta tw-text-small\" dir=\"ltr\" data-placeholder=\"Traducci\u00f3n\"><span lang=\"es\" tabindex=\"0\">We manage directly with the client and the rest of the stakeholders involved in the project. <\/span><\/li>\n<li class=\"tw-data-text tw-ta tw-text-small\" dir=\"ltr\" data-placeholder=\"Traducci\u00f3n\"><span lang=\"es\" tabindex=\"0\">We manage licenses and other administrative processes. <\/span><\/li>\n<li class=\"tw-data-text tw-ta tw-text-small\" dir=\"ltr\" data-placeholder=\"Traducci\u00f3n\"><span lang=\"es\" tabindex=\"0\">We manage quality control and control over the scope of the contracted product.<\/span><\/li>\n<\/ul>\n<\/div>\n<p>                    <\/div>\n                    <div class=\"clearfix\"><\/div>\n                <\/div>\n            <\/div>\n        <\/div>\n\t<\/div>\n\n<\/div><\/div><\/div><\/div><\/section><section class=\"wpb_row vc_row-fluid\"><div class=\"container\"><div class=\"row\"><div class=\"wpb_column vc_column_container vc_col-sm-12 vc_hidden-lg\"><div class=\"vc_column-inner vc_custom_1553504643081\"><div class=\"wpb_wrapper\"  >\t<!-- Element: OT Quick Office -->\n\t<div class=\"side-bg\">\n\n\t\t<div class=\"image-container hidden-xs pull-left col-md-5\" style=\"background-image:url(https:\/\/www.desygn.es\/wp-content\/uploads\/2015\/07\/bg-side-11.jpg); ?>\" data-delay=\"0\"><\/div>\n\n\t\t<!-- Added this code in 26\/03\/2019 -->\n\t\t<img class=\"visible-xs img-responsive\" src=\"https:\/\/www.desygn.es\/wp-content\/uploads\/2015\/07\/bg-side-11.jpg\" \/>\n\n        <div class=\"container\">\n            <div class=\"row\">\n                <div class=\"inner-padding\">\n                    <div class=\"col-md-6 col-md-offset-6 wow fadeInRight\" data-wow-delay=\".2s\">\n                        <h2>TODO PARA DESYGN, DESYGN PARA TODOS<\/h2><br\/>\n                        <\/p>\n<p id=\"tw-target-text\" class=\"tw-data-text tw-ta tw-text-small\" dir=\"ltr\" data-placeholder=\"Traducci\u00f3n\"><strong><span lang=\"es\" tabindex=\"0\">DESYGN is a study that was born by Carolina Ponce Su\u00e1rez in August 2011, Architect and Project Manager certified PMP\u00ae focused on the direction of projects and works with extensive experience in management of major works (Repsol Butano) and coordination of multidisciplinary teams that are part of each project. In addition, he has developed works in multiple sectors such as construction (new construction, rehabilitation, reform and sale), civil engineering and construction.\nDESYGN has a team of highly qualified professionals with great flexibility, ability to adapt to new jobs and high geographic availability. <\/span><\/strong><\/p>\n<div class=\"\">\n<p id=\"tw-target-text\" class=\"tw-data-text tw-ta tw-text-small\" dir=\"ltr\" data-placeholder=\"Traducci\u00f3n\"><span lang=\"es\" tabindex=\"0\">DESYGN has a team of highly qualified professionals with great flexibility, ability to adapt to new jobs and high geographic availability.<\/span><span style=\"font-size: 1rem;\">\u00a0<\/span><\/p>\n<\/div>\n<div class=\"\">\n<p id=\"tw-target-text\" class=\"tw-data-text tw-ta tw-text-small\" dir=\"ltr\" data-placeholder=\"Traducci\u00f3n\"><span lang=\"es\" tabindex=\"0\">DESYGN born with a clear idea, look for projects suitable to our technical skills, overcome new challenges and develop new learning through our customers. We develop projects from the start phase to its delivery to the client.<\/span><\/p>\n<\/div>\n<div class=\"\">\n<p id=\"tw-target-text\" class=\"tw-data-text tw-ta tw-text-small\" dir=\"ltr\" data-placeholder=\"Traducci\u00f3n\"><span lang=\"es\" tabindex=\"0\">For this we cover all these services: <\/span><\/p>\n<ul>\n<li class=\"tw-data-text tw-ta tw-text-small\" dir=\"ltr\" data-placeholder=\"Traducci\u00f3n\"><span lang=\"es\" tabindex=\"0\">We perform functions as project architects, project managers and health and safety coordinators. <\/span><\/li>\n<li class=\"tw-data-text tw-ta tw-text-small\" dir=\"ltr\" data-placeholder=\"Traducci\u00f3n\"><span lang=\"es\" tabindex=\"0\">We manage directly with the client and the rest of the stakeholders involved in the project. <\/span><\/li>\n<li class=\"tw-data-text tw-ta tw-text-small\" dir=\"ltr\" data-placeholder=\"Traducci\u00f3n\"><span lang=\"es\" tabindex=\"0\">We manage licenses and other administrative processes. <\/span><\/li>\n<li class=\"tw-data-text tw-ta tw-text-small\" dir=\"ltr\" data-placeholder=\"Traducci\u00f3n\"><span lang=\"es\" tabindex=\"0\">We manage quality control and control over the scope of the contracted product.<\/span><\/li>\n<\/ul>\n<\/div>\n<p>                    <\/div>\n                    <div class=\"clearfix\"><\/div>\n                <\/div>\n            <\/div>\n        <\/div>\n\t<\/div>\n\n<\/div><\/div><\/div><\/div><\/div><\/section><section class=\"wpb_row vc_row-fluid vc_custom_1553245964475 vc_row-has-fill\"><div class=\"container\"><div class=\"row\"><div class=\"carolina wpb_column vc_column_container vc_col-sm-3\"><div class=\"vc_column-inner vc_custom_1565687179725\"><div class=\"wpb_wrapper\"  >\n\t<!-- Element: OT Our Team --> \t \n    <!-- team member -->\n    <div class=\"de-team-list team-box wow fadeInUp\">\n    \t\t        <div class=\"team-pic\">\n\t        \t<img width=\"822\" height=\"1024\" src=\"https:\/\/www.desygn.es\/wp-content\/uploads\/2021\/01\/001_rrss-e1610643484663-822x1024.jpg\" class=\"img-responsive\" alt=\"\" decoding=\"async\" loading=\"lazy\" srcset=\"https:\/\/www.desygn.es\/wp-content\/uploads\/2021\/01\/001_rrss-e1610643484663-822x1024.jpg 822w, https:\/\/www.desygn.es\/wp-content\/uploads\/2021\/01\/001_rrss-e1610643484663-241x300.jpg 241w, https:\/\/www.desygn.es\/wp-content\/uploads\/2021\/01\/001_rrss-e1610643484663-768x957.jpg 768w, https:\/\/www.desygn.es\/wp-content\/uploads\/2021\/01\/001_rrss-e1610643484663-10x12.jpg 10w\" sizes=\"(max-width: 822px) 100vw, 822px\" title=\"Carolina Ponce\" \/>          \n\t        <\/div>\n                <div class=\"team-desc\">\n            <h3>Carolina Ponce<\/h3>\n            <p class=\"lead\">Arquitecto<\/p>            <div class=\"small-border\"><\/div>\n                        <div class=\"social\">\n                <a href=\"https:\/\/www.linkedin.com\/in\/carolinaponcesuarez\/\" target=\"_blank\"><i class=\"fa fa-file fa-lg\"><\/i><\/a>                <a href=\"https:\/\/www.linkedin.com\/in\/carolinaponcesuarez\/\" target=\"_blank\"><i class=\"fa fa-linkedin fa-lg\"><\/i><\/a>                                            <\/div>\n        <\/div>\n    <\/div>\n    <!-- team close -->\n\n<\/div><\/div><\/div><div class=\"wpb_column vc_column_container vc_col-sm-3\"><div class=\"vc_column-inner vc_custom_1553245383511\"><div class=\"wpb_wrapper\"  >\n\t<!-- Element: OT Our Team --> \t \n    <!-- team member -->\n    <div class=\"de-team-list team-box wow fadeInUp\">\n    \t\t        <div class=\"team-pic\">\n\t        \t<img width=\"400\" height=\"400\" src=\"https:\/\/www.desygn.es\/wp-content\/uploads\/2019\/03\/carmen_lana-01.png\" class=\"img-responsive\" alt=\"\" decoding=\"async\" loading=\"lazy\" srcset=\"https:\/\/www.desygn.es\/wp-content\/uploads\/2019\/03\/carmen_lana-01.png 400w, https:\/\/www.desygn.es\/wp-content\/uploads\/2019\/03\/carmen_lana-01-150x150.png 150w, https:\/\/www.desygn.es\/wp-content\/uploads\/2019\/03\/carmen_lana-01-300x300.png 300w\" sizes=\"(max-width: 400px) 100vw, 400px\" title=\"carmen_lana-01\" \/>          \n\t        <\/div>\n                <div class=\"team-desc\">\n            <h3>Carmen De Lama<\/h3>\n            <p class=\"lead\">Dise\u00f1ador de Interiores<\/p>            <div class=\"small-border\"><\/div>\n            <p><a href=\"http:\/\/www.interioristaonline.com\">http:\/\/www.interioristaonline.com<\/a><\/p>            <div class=\"social\">\n                                                                            <\/div>\n        <\/div>\n    <\/div>\n    <!-- team close -->\n\n<\/div><\/div><\/div><div class=\"wpb_column vc_column_container vc_col-sm-3\"><div class=\"vc_column-inner vc_custom_1565687191798\"><div class=\"wpb_wrapper\"  >\n\t<!-- Element: OT Our Team --> \t \n    <!-- team member -->\n    <div class=\"de-team-list team-box wow fadeInUp\">\n    \t\t        <div class=\"team-pic\">\n\t        \t<img width=\"400\" height=\"400\" src=\"https:\/\/www.desygn.es\/wp-content\/uploads\/2019\/08\/Santos-Madron\u0303al-2.jpg\" class=\"img-responsive\" alt=\"\" decoding=\"async\" loading=\"lazy\" srcset=\"https:\/\/www.desygn.es\/wp-content\/uploads\/2019\/08\/Santos-Madron\u0303al-2.jpg 400w, https:\/\/www.desygn.es\/wp-content\/uploads\/2019\/08\/Santos-Madron\u0303al-2-150x150.jpg 150w, https:\/\/www.desygn.es\/wp-content\/uploads\/2019\/08\/Santos-Madron\u0303al-2-300x300.jpg 300w\" sizes=\"(max-width: 400px) 100vw, 400px\" title=\"Santos Madron\u0303al\" \/>          \n\t        <\/div>\n                <div class=\"team-desc\">\n            <h3>Santos Madro\u00f1al Bueno<\/h3>\n            <p class=\"lead\">Arquitecto T\u00e9cnico e Ingeniero de la Edificaci\u00f3n<\/p>            <div class=\"small-border\"><\/div>\n                        <div class=\"social\">\n                <a href=\"http:\/\/www.linkedin.com\/in\/SantosMadronal\" target=\"_blank\"><i class=\"fa fa-linkedin fa-lg\"><\/i><\/a>                                                            <\/div>\n        <\/div>\n    <\/div>\n    <!-- team close -->\n\n<\/div><\/div><\/div><div class=\"wpb_column vc_column_container vc_col-sm-3\"><div class=\"vc_column-inner vc_custom_1565687198205\"><div class=\"wpb_wrapper\"  >\n\t<!-- Element: OT Our Team --> \t \n    <!-- team member -->\n    <div class=\"de-team-list team-box wow fadeInUp\">\n    \t\t        <div class=\"team-pic\">\n\t        \t<img width=\"400\" height=\"400\" src=\"https:\/\/www.desygn.es\/wp-content\/uploads\/2019\/08\/IMG-20180813-WA0012-1.jpg\" class=\"img-responsive\" alt=\"\" decoding=\"async\" loading=\"lazy\" srcset=\"https:\/\/www.desygn.es\/wp-content\/uploads\/2019\/08\/IMG-20180813-WA0012-1.jpg 400w, https:\/\/www.desygn.es\/wp-content\/uploads\/2019\/08\/IMG-20180813-WA0012-1-150x150.jpg 150w, https:\/\/www.desygn.es\/wp-content\/uploads\/2019\/08\/IMG-20180813-WA0012-1-300x300.jpg 300w\" sizes=\"(max-width: 400px) 100vw, 400px\" title=\"Lisando Palacios\" \/>          \n\t        <\/div>\n                <div class=\"team-desc\">\n            <h3>Lisandro Palacios Gil<\/h3>\n            <p class=\"lead\">Arquitecto<\/p>            <div class=\"small-border\"><\/div>\n                        <div class=\"social\">\n                                                                            <\/div>\n        <\/div>\n    <\/div>\n    <!-- team close -->\n\n<\/div><\/div><\/div><\/div><\/div><\/section><section class=\"wpb_row vc_row-fluid vc_custom_1553245964475 vc_row-has-fill\"><div class=\"container\"><div class=\"row\"><div class=\"carolina wpb_column vc_column_container vc_col-sm-3\"><div class=\"vc_column-inner vc_custom_1565160233236\"><div class=\"wpb_wrapper\"  >\n\t<!-- Element: OT Our Team --> \t \n    <!-- team member -->\n    <div class=\"de-team-list team-box wow fadeInUp\">\n    \t\t        <div class=\"team-pic\">\n\t        \t<img width=\"400\" height=\"400\" src=\"https:\/\/www.desygn.es\/wp-content\/uploads\/2019\/03\/alejandro_rodriguex_aquitecto_fotografo.png\" class=\"img-responsive\" alt=\"\" decoding=\"async\" loading=\"lazy\" srcset=\"https:\/\/www.desygn.es\/wp-content\/uploads\/2019\/03\/alejandro_rodriguex_aquitecto_fotografo.png 400w, https:\/\/www.desygn.es\/wp-content\/uploads\/2019\/03\/alejandro_rodriguex_aquitecto_fotografo-150x150.png 150w, https:\/\/www.desygn.es\/wp-content\/uploads\/2019\/03\/alejandro_rodriguex_aquitecto_fotografo-300x300.png 300w\" sizes=\"(max-width: 400px) 100vw, 400px\" title=\"alejandro_rodriguex_aquitecto_fotografo\" \/>          \n\t        <\/div>\n                <div class=\"team-desc\">\n            <h3>Alejandro Rodr\u00edguez G\u00f3mez<\/h3>\n            <p class=\"lead\">Arquitecto y Fot\u00f3grafo<\/p>            <div class=\"small-border\"><\/div>\n            <p><a href=\"http:\/\/alejandrocayetano.com\">http:\/\/alejandrocayetano.com<\/a><\/p>            <div class=\"social\">\n                <a href=\"https:\/\/www.linkedin.com\/in\/alejandrocayetano\/\" target=\"_blank\"><i class=\"fa fa-linkedin fa-lg\"><\/i><\/a>                                                            <\/div>\n        <\/div>\n    <\/div>\n    <!-- team close -->\n\n<\/div><\/div><\/div><div class=\"wpb_column vc_column_container vc_col-sm-3\"><div class=\"vc_column-inner vc_custom_1553245383511\"><div class=\"wpb_wrapper\"  ><\/div><\/div><\/div><div class=\"wpb_column vc_column_container vc_col-sm-3\"><div class=\"vc_column-inner\"><div class=\"wpb_wrapper\"  ><\/div><\/div><\/div><div class=\"wpb_column vc_column_container vc_col-sm-3\"><div class=\"vc_column-inner\"><div class=\"wpb_wrapper\"  ><\/div><\/div><\/div><\/div><\/div><\/section>\n<\/div>","protected":false},"excerpt":{"rendered":"TODOS PARA DESYGN, DESYGN PARA TODOS DESYGN es un estudio de arquitectura que naci\u00f3 en agosto de 2011 por Carolina Ponce Su\u00e1rez. Arquitecto y Gerente de Proyectos certificado PMP\u00ae enfocado en la direcci\u00f3n de proyectos y trabaja con amplia experiencia en la gesti\u00f3n de obras importantes (Repsol) y la coordinaci\u00f3n de equipos multidisciplinarios que forman [...]","protected":false},"author":1,"featured_media":0,"parent":0,"menu_order":0,"comment_status":"open","ping_status":"open","template":"page-templates\/template-fullwidth.php","meta":[],"_links":{"self":[{"href":"https:\/\/www.desygn.es\/en\/wp-json\/wp\/v2\/pages\/229"}],"collection":[{"href":"https:\/\/www.desygn.es\/en\/wp-json\/wp\/v2\/pages"}],"about":[{"href":"https:\/\/www.desygn.es\/en\/wp-json\/wp\/v2\/types\/page"}],"author":[{"embeddable":true,"href":"https:\/\/www.desygn.es\/en\/wp-json\/wp\/v2\/users\/1"}],"replies":[{"embeddable":true,"href":"https:\/\/www.desygn.es\/en\/wp-json\/wp\/v2\/comments?post=229"}],"version-history":[{"count":114,"href":"https:\/\/www.desygn.es\/en\/wp-json\/wp\/v2\/pages\/229\/revisions"}],"predecessor-version":[{"id":2409,"href":"https:\/\/www.desygn.es\/en\/wp-json\/wp\/v2\/pages\/229\/revisions\/2409"}],"wp:attachment":[{"href":"https:\/\/www.desygn.es\/en\/wp-json\/wp\/v2\/media?parent=229"}],"curies":[{"name":"wp","href":"https:\/\/api.w.org\/{rel}","templated":true}]}}