{"id":1730,"date":"2019-03-25T10:06:41","date_gmt":"2019-03-25T10:06:41","guid":{"rendered":"http:\/\/s751369178.mialojamiento.es\/Desygn\/?page_id=1730"},"modified":"2019-03-27T17:31:40","modified_gmt":"2019-03-27T17:31:40","slug":"camara-de-comercio","status":"publish","type":"page","link":"https:\/\/www.desygn.es\/en\/camara-de-comercio\/","title":{"rendered":"Camara-de-comercio"},"content":{"rendered":"<div class=\"wpb-content-wrapper\"><section class=\"wpb_row vc_row-fluid vc_custom_1553511201407 vc_row-o-content-middle vc_row-flex no-padding\"><div class=\"row\"><div class=\"wpb_column vc_column_container vc_col-sm-4\"><div class=\"vc_column-inner\"><div class=\"wpb_wrapper\"  >\n\t<div  class=\"wpb_single_image wpb_content_element vc_align_center wpb_content_element\">\n\t\t\n\t\t<figure class=\"wpb_wrapper vc_figure\">\n\t\t\t<div class=\"vc_single_image-wrapper   vc_box_border_grey\"><img class=\"vc_single_image-img\" src=\"\" width=\"\" height=\"\" alt=\"Logotipo-UE-96dpi-947x800\" title=\"Logotipo-UE-96dpi-947x800\" loading=\"lazy\" \/><\/div>\n\t\t<\/figure>\n\t<\/div>\n\n\t<div class=\"wpb_text_column wpb_content_element\" >\n\t\t<div class=\"wpb_wrapper\">\n\t\t\t<h3 style=\"text-align: center;\">UNA MANERA DE HACER EUROPA<\/h3>\n\n\t\t<\/div>\n\t<\/div>\n<\/div><\/div><\/div><div class=\"wpb_column vc_column_container vc_col-sm-4\"><div class=\"vc_column-inner\"><div class=\"wpb_wrapper\"  >\n\t<div class=\"wpb_text_column wpb_content_element\" >\n\t\t<div class=\"wpb_wrapper\">\n\t\t\t<p><b>Carolina Ponce Suarez<\/b><b>\u00a0ha sido beneficiaria del\u00a0<a href=\"https:\/\/ec.europa.eu\/regional_policy\/es\/funding\/erdf\/\">Fondo Europeo de Desarrollo Regional<\/a>\u00a0cuyo objetivo es\u00a0<\/b>mejorar el uso y la calidad de las tecnolog\u00edas de la informaci\u00f3n y de las comunicaciones y el acceso a las mismas<b>\u00a0y gracias al que ha desarrollado una Soluci\u00f3n de Comercio Electr\u00f3nico y un Servicio de Promoci\u00f3n Online mediante Sistema de Pago (SEM) <\/b>para mejorar el uso y la calidad de las tecnolog\u00edas de la informaci\u00f3n y de las comunicaciones y el acceso a las mismas<b>. Fecha de implantaci\u00f3n de la nueva plataforma 15\/03\/2019.<\/b><br \/>\nPara ello ha contado con el apoyo del\u00a0<strong><a href=\"http:\/\/www.camaracampodegibraltar.com\/ticcamara\/\">Programa\u00a0TICC\u00e1maras<\/a><\/strong>\u00a0de la\u00a0<b><a href=\"http:\/\/www.camaracampodegibraltar.com\/ticcamara\/\">C\u00e1mara de Comercio del Campo de Gibraltar<\/a><\/b><\/p>\n\n\t\t<\/div>\n\t<\/div>\n<\/div><\/div><\/div><div class=\"wpb_column vc_column_container vc_col-sm-4\"><div class=\"vc_column-inner\"><div class=\"wpb_wrapper\"  >\n\t<div  class=\"wpb_single_image wpb_content_element vc_align_center wpb_content_element\">\n\t\t\n\t\t<figure class=\"wpb_wrapper vc_figure\">\n\t\t\t<div class=\"vc_single_image-wrapper   vc_box_border_grey\"><img width=\"142\" height=\"23\" src=\"https:\/\/www.desygn.es\/wp-content\/uploads\/2019\/03\/Recurso-17.png\" class=\"vc_single_image-img attachment-large\" alt=\"\" decoding=\"async\" loading=\"lazy\" title=\"Recurso 17\" \/><\/div>\n\t\t<\/figure>\n\t<\/div>\n\n\t<div  class=\"wpb_single_image wpb_content_element vc_align_center wpb_content_element\">\n\t\t\n\t\t<figure class=\"wpb_wrapper vc_figure\">\n\t\t\t<div class=\"vc_single_image-wrapper   vc_box_border_grey\"><img width=\"250\" height=\"75\" src=\"https:\/\/www.desygn.es\/wp-content\/uploads\/2019\/03\/camaraComercio.jpg\" class=\"vc_single_image-img attachment-large\" alt=\"\" decoding=\"async\" loading=\"lazy\" title=\"camaraComercio\" \/><\/div>\n\t\t<\/figure>\n\t<\/div>\n<\/div><\/div><\/div><\/div><\/section>\n<\/div>","protected":false},"excerpt":{"rendered":"UNA MANERA DE HACER EUROPA Carolina Ponce Suarez\u00a0ha sido beneficiaria del\u00a0Fondo Europeo de Desarrollo Regional\u00a0cuyo objetivo es\u00a0mejorar el uso y la calidad de las tecnolog\u00edas de la informaci\u00f3n y de las comunicaciones y el acceso a las mismas\u00a0y gracias al que ha desarrollado una Soluci\u00f3n de Comercio Electr\u00f3nico y un Servicio de Promoci\u00f3n Online mediante [...]","protected":false},"author":1,"featured_media":0,"parent":0,"menu_order":0,"comment_status":"closed","ping_status":"closed","template":"page-templates\/template-fullwidth.php","meta":[],"_links":{"self":[{"href":"https:\/\/www.desygn.es\/en\/wp-json\/wp\/v2\/pages\/1730"}],"collection":[{"href":"https:\/\/www.desygn.es\/en\/wp-json\/wp\/v2\/pages"}],"about":[{"href":"https:\/\/www.desygn.es\/en\/wp-json\/wp\/v2\/types\/page"}],"author":[{"embeddable":true,"href":"https:\/\/www.desygn.es\/en\/wp-json\/wp\/v2\/users\/1"}],"replies":[{"embeddable":true,"href":"https:\/\/www.desygn.es\/en\/wp-json\/wp\/v2\/comments?post=1730"}],"version-history":[{"count":28,"href":"https:\/\/www.desygn.es\/en\/wp-json\/wp\/v2\/pages\/1730\/revisions"}],"predecessor-version":[{"id":1932,"href":"https:\/\/www.desygn.es\/en\/wp-json\/wp\/v2\/pages\/1730\/revisions\/1932"}],"wp:attachment":[{"href":"https:\/\/www.desygn.es\/en\/wp-json\/wp\/v2\/media?parent=1730"}],"curies":[{"name":"wp","href":"https:\/\/api.w.org\/{rel}","templated":true}]}}